{"id":20496,"date":"2023-10-11T12:39:03","date_gmt":"2023-10-11T10:39:03","guid":{"rendered":"https:\/\/staging.interreg.eurocastaliahost4.com\/contacto\/"},"modified":"2024-07-12T11:57:39","modified_gmt":"2024-07-12T09:57:39","slug":"contacto","status":"publish","type":"page","link":"https:\/\/staging.interreg.eurocastaliahost4.com\/fr\/contacto\/","title":{"rendered":"Formulaire de contact"},"content":{"rendered":"\t\t<div data-elementor-type=\"wp-page\" data-elementor-id=\"20496\" class=\"elementor elementor-20496 elementor-3085\" data-elementor-post-type=\"page\">\n\t\t\t\t<div class=\"elementor-element elementor-element-fb520f4 e-flex e-con-boxed e-con e-parent\" data-id=\"fb520f4\" data-element_type=\"container\" data-e-type=\"container\" data-settings=\"{&quot;jet_parallax_layout_list&quot;:[]}\">\n\t\t\t\t\t<div class=\"e-con-inner\">\n\t\t\t\t<div class=\"elementor-element elementor-element-0e397d6 elementor-widget elementor-widget-heading\" data-id=\"0e397d6\" data-element_type=\"widget\" data-e-type=\"widget\" data-widget_type=\"heading.default\">\n\t\t\t\t\t<h1 class=\"elementor-heading-title elementor-size-default\">Contact<\/h1>\t\t\t\t<\/div>\n\t\t\t\t<div class=\"elementor-element elementor-element-9b10474 elementor-widget elementor-widget-text-editor\" data-id=\"9b10474\" data-element_type=\"widget\" data-e-type=\"widget\" data-widget_type=\"text-editor.default\">\n\t\t\t\t\t\t\t\t\t<p>Avez-vous des questions \u00e0 poser \u00e0 Sudoe ?<\/p>\n<p>Vous pouvez saisir vos donn\u00e9es dans le formulaire ci-dessous, et nous vous contacterons d\u00e8s que possible.<\/p>\n<p><\/p>\n\t\t\t\t\t\t\t\t<\/div>\n\t\t\t\t\t<\/div>\n\t\t\t\t<\/div>\n\t\t<div class=\"elementor-element elementor-element-60a8c54 e-flex e-con-boxed e-con e-parent\" data-id=\"60a8c54\" data-element_type=\"container\" data-e-type=\"container\" data-settings=\"{&quot;jet_parallax_layout_list&quot;:[]}\">\n\t\t\t\t\t<div class=\"e-con-inner\">\n\t\t\t\t<div class=\"elementor-element elementor-element-e4c6725 elementor-widget elementor-widget-hubspot-form\" data-id=\"e4c6725\" data-element_type=\"widget\" data-e-type=\"widget\" data-widget_type=\"hubspot-form.default\">\n\t\t\t\t<div class=\"elementor-widget-container\">\n\t\t\t\t\t\n\t\t\t\t\t\t<script>\n\t\t\t\t\t\t\twindow.hsFormsOnReady = window.hsFormsOnReady || [];\n\t\t\t\t\t\t\twindow.hsFormsOnReady.push(()=>{\n\t\t\t\t\t\t\t\thbspt.forms.create({\n\t\t\t\t\t\t\t\t\tportalId: 4251448,\n\t\t\t\t\t\t\t\t\tformId: \"6e34ee27-43c0-4a0b-bded-7a453175559a\",\n\t\t\t\t\t\t\t\t\ttarget: \"#hbspt-form-1777885697000-1836426389\",\n\t\t\t\t\t\t\t\t\tregion: \"na1\",\n\t\t\t\t\t\t\t\t\t\n\t\t\t\t\t\t\t})});\n\t\t\t\t\t\t<\/script>\n\t\t\t\t\t\t<div class=\"hbspt-form\" id=\"hbspt-form-1777885697000-1836426389\"><\/div>\t\t\t\t<\/div>\n\t\t\t\t<\/div>\n\t\t\t\t\t<\/div>\n\t\t\t\t<\/div>\n\t\t\t\t<\/div>\n\t\t","protected":false},"excerpt":{"rendered":"<p>Contact Avez-vous des questions \u00e0 poser \u00e0 Sudoe ? Vous pouvez saisir vos donn\u00e9es dans le formulaire ci-dessous, et nous vous contacterons d\u00e8s que possible.<\/p>\n","protected":false},"author":1,"featured_media":0,"parent":0,"menu_order":0,"comment_status":"closed","ping_status":"closed","template":"","meta":{"_acf_changed":false,"content-type":"","_monsterinsights_skip_tracking":false,"_monsterinsights_sitenote_active":false,"_monsterinsights_sitenote_note":"","_monsterinsights_sitenote_category":0,"footnotes":""},"class_list":["post-20496","page","type-page","status-publish","hentry"],"acf":[],"yoast_head":"<!-- This site is optimized with the Yoast SEO plugin v27.0 - https:\/\/yoast.com\/product\/yoast-seo-wordpress\/ -->\n<title>Formulaire de contact - Interreg Sudoe<\/title>\n<meta name=\"robots\" content=\"index, follow, max-snippet:-1, max-image-preview:large, max-video-preview:-1\" \/>\n<link rel=\"canonical\" href=\"https:\/\/staging.interreg.eurocastaliahost4.com\/fr\/contacto\/\" \/>\n<meta property=\"og:locale\" content=\"fr_FR\" \/>\n<meta property=\"og:type\" content=\"article\" \/>\n<meta property=\"og:title\" content=\"Formulaire de contact - Interreg Sudoe\" \/>\n<meta property=\"og:description\" content=\"Contact Avez-vous des questions \u00e0 poser \u00e0 Sudoe ? Vous pouvez saisir vos donn\u00e9es dans le formulaire ci-dessous, et nous vous contacterons d\u00e8s que possible.\" \/>\n<meta property=\"og:url\" content=\"https:\/\/staging.interreg.eurocastaliahost4.com\/fr\/contacto\/\" \/>\n<meta property=\"og:site_name\" content=\"Interreg Sudoe\" \/>\n<meta property=\"article:publisher\" content=\"https:\/\/www.facebook.com\/interregsudoe\" \/>\n<meta property=\"article:modified_time\" content=\"2024-07-12T09:57:39+00:00\" \/>\n<meta property=\"og:image\" content=\"https:\/\/staging.interreg.eurocastaliahost4.com\/wp-content\/uploads\/2024\/03\/download.png\" \/>\n\t<meta property=\"og:image:width\" content=\"344\" \/>\n\t<meta property=\"og:image:height\" content=\"147\" \/>\n\t<meta property=\"og:image:type\" content=\"image\/png\" \/>\n<meta name=\"twitter:card\" content=\"summary_large_image\" \/>\n<meta name=\"twitter:site\" content=\"@Sudoe5\" \/>\n<meta name=\"twitter:label1\" content=\"Dur\u00e9e de lecture estim\u00e9e\" \/>\n\t<meta name=\"twitter:data1\" content=\"1 minute\" \/>\n<script type=\"application\/ld+json\" class=\"yoast-schema-graph\">{\"@context\":\"https:\/\/schema.org\",\"@graph\":[{\"@type\":\"WebPage\",\"@id\":\"https:\/\/staging.interreg.eurocastaliahost4.com\/fr\/contacto\/\",\"url\":\"https:\/\/staging.interreg.eurocastaliahost4.com\/fr\/contacto\/\",\"name\":\"Formulaire de contact - Interreg Sudoe\",\"isPartOf\":{\"@id\":\"https:\/\/staging.interreg.eurocastaliahost4.com\/fr\/#website\"},\"datePublished\":\"2023-10-11T10:39:03+00:00\",\"dateModified\":\"2024-07-12T09:57:39+00:00\",\"breadcrumb\":{\"@id\":\"https:\/\/staging.interreg.eurocastaliahost4.com\/fr\/contacto\/#breadcrumb\"},\"inLanguage\":\"fr-FR\",\"potentialAction\":[{\"@type\":\"ReadAction\",\"target\":[\"https:\/\/staging.interreg.eurocastaliahost4.com\/fr\/contacto\/\"]}]},{\"@type\":\"BreadcrumbList\",\"@id\":\"https:\/\/staging.interreg.eurocastaliahost4.com\/fr\/contacto\/#breadcrumb\",\"itemListElement\":[{\"@type\":\"ListItem\",\"position\":1,\"name\":\"Home\",\"item\":\"https:\/\/staging.interreg.eurocastaliahost4.com\/fr\/\"},{\"@type\":\"ListItem\",\"position\":2,\"name\":\"Formulaire de contact\"}]},{\"@type\":\"WebSite\",\"@id\":\"https:\/\/staging.interreg.eurocastaliahost4.com\/fr\/#website\",\"url\":\"https:\/\/staging.interreg.eurocastaliahost4.com\/fr\/\",\"name\":\"Interreg Sudoe\",\"description\":\"Interreg Sudoe\",\"publisher\":{\"@id\":\"https:\/\/staging.interreg.eurocastaliahost4.com\/fr\/#organization\"},\"alternateName\":\"Interreg Sudoe\",\"potentialAction\":[{\"@type\":\"SearchAction\",\"target\":{\"@type\":\"EntryPoint\",\"urlTemplate\":\"https:\/\/staging.interreg.eurocastaliahost4.com\/fr\/?s={search_term_string}\"},\"query-input\":{\"@type\":\"PropertyValueSpecification\",\"valueRequired\":true,\"valueName\":\"search_term_string\"}}],\"inLanguage\":\"fr-FR\"},{\"@type\":\"Organization\",\"@id\":\"https:\/\/staging.interreg.eurocastaliahost4.com\/fr\/#organization\",\"name\":\"Interreg Sudoe\",\"alternateName\":\"Interreg Sudoe\",\"url\":\"https:\/\/staging.interreg.eurocastaliahost4.com\/fr\/\",\"logo\":{\"@type\":\"ImageObject\",\"inLanguage\":\"fr-FR\",\"@id\":\"https:\/\/staging.interreg.eurocastaliahost4.com\/fr\/#\/schema\/logo\/image\/\",\"url\":\"https:\/\/staging.interreg.eurocastaliahost4.com\/wp-content\/uploads\/2024\/03\/logo-interreg.png\",\"contentUrl\":\"https:\/\/staging.interreg.eurocastaliahost4.com\/wp-content\/uploads\/2024\/03\/logo-interreg.png\",\"width\":1200,\"height\":675,\"caption\":\"Interreg Sudoe\"},\"image\":{\"@id\":\"https:\/\/staging.interreg.eurocastaliahost4.com\/fr\/#\/schema\/logo\/image\/\"},\"sameAs\":[\"https:\/\/www.facebook.com\/interregsudoe\",\"https:\/\/x.com\/Sudoe5\",\"https:\/\/www.youtube.com\/channel\/UCeGx2edoB32beRc9dbKA2vw\",\"https:\/\/www.linkedin.com\/company\/interreg-sudoe-programme\/\",\"https:\/\/www.flickr.com\/photos\/148704685@N06\/\"]}]}<\/script>\n<!-- \/ Yoast SEO plugin. -->","yoast_head_json":{"title":"Formulaire de contact - Interreg Sudoe","robots":{"index":"index","follow":"follow","max-snippet":"max-snippet:-1","max-image-preview":"max-image-preview:large","max-video-preview":"max-video-preview:-1"},"canonical":"https:\/\/staging.interreg.eurocastaliahost4.com\/fr\/contacto\/","og_locale":"fr_FR","og_type":"article","og_title":"Formulaire de contact - Interreg Sudoe","og_description":"Contact Avez-vous des questions \u00e0 poser \u00e0 Sudoe ? Vous pouvez saisir vos donn\u00e9es dans le formulaire ci-dessous, et nous vous contacterons d\u00e8s que possible.","og_url":"https:\/\/staging.interreg.eurocastaliahost4.com\/fr\/contacto\/","og_site_name":"Interreg Sudoe","article_publisher":"https:\/\/www.facebook.com\/interregsudoe","article_modified_time":"2024-07-12T09:57:39+00:00","og_image":[{"width":344,"height":147,"url":"https:\/\/staging.interreg.eurocastaliahost4.com\/wp-content\/uploads\/2024\/03\/download.png","type":"image\/png"}],"twitter_card":"summary_large_image","twitter_site":"@Sudoe5","twitter_misc":{"Dur\u00e9e de lecture estim\u00e9e":"1 minute"},"schema":{"@context":"https:\/\/schema.org","@graph":[{"@type":"WebPage","@id":"https:\/\/staging.interreg.eurocastaliahost4.com\/fr\/contacto\/","url":"https:\/\/staging.interreg.eurocastaliahost4.com\/fr\/contacto\/","name":"Formulaire de contact - Interreg Sudoe","isPartOf":{"@id":"https:\/\/staging.interreg.eurocastaliahost4.com\/fr\/#website"},"datePublished":"2023-10-11T10:39:03+00:00","dateModified":"2024-07-12T09:57:39+00:00","breadcrumb":{"@id":"https:\/\/staging.interreg.eurocastaliahost4.com\/fr\/contacto\/#breadcrumb"},"inLanguage":"fr-FR","potentialAction":[{"@type":"ReadAction","target":["https:\/\/staging.interreg.eurocastaliahost4.com\/fr\/contacto\/"]}]},{"@type":"BreadcrumbList","@id":"https:\/\/staging.interreg.eurocastaliahost4.com\/fr\/contacto\/#breadcrumb","itemListElement":[{"@type":"ListItem","position":1,"name":"Home","item":"https:\/\/staging.interreg.eurocastaliahost4.com\/fr\/"},{"@type":"ListItem","position":2,"name":"Formulaire de contact"}]},{"@type":"WebSite","@id":"https:\/\/staging.interreg.eurocastaliahost4.com\/fr\/#website","url":"https:\/\/staging.interreg.eurocastaliahost4.com\/fr\/","name":"Interreg Sudoe","description":"Interreg Sudoe","publisher":{"@id":"https:\/\/staging.interreg.eurocastaliahost4.com\/fr\/#organization"},"alternateName":"Interreg Sudoe","potentialAction":[{"@type":"SearchAction","target":{"@type":"EntryPoint","urlTemplate":"https:\/\/staging.interreg.eurocastaliahost4.com\/fr\/?s={search_term_string}"},"query-input":{"@type":"PropertyValueSpecification","valueRequired":true,"valueName":"search_term_string"}}],"inLanguage":"fr-FR"},{"@type":"Organization","@id":"https:\/\/staging.interreg.eurocastaliahost4.com\/fr\/#organization","name":"Interreg Sudoe","alternateName":"Interreg Sudoe","url":"https:\/\/staging.interreg.eurocastaliahost4.com\/fr\/","logo":{"@type":"ImageObject","inLanguage":"fr-FR","@id":"https:\/\/staging.interreg.eurocastaliahost4.com\/fr\/#\/schema\/logo\/image\/","url":"https:\/\/staging.interreg.eurocastaliahost4.com\/wp-content\/uploads\/2024\/03\/logo-interreg.png","contentUrl":"https:\/\/staging.interreg.eurocastaliahost4.com\/wp-content\/uploads\/2024\/03\/logo-interreg.png","width":1200,"height":675,"caption":"Interreg Sudoe"},"image":{"@id":"https:\/\/staging.interreg.eurocastaliahost4.com\/fr\/#\/schema\/logo\/image\/"},"sameAs":["https:\/\/www.facebook.com\/interregsudoe","https:\/\/x.com\/Sudoe5","https:\/\/www.youtube.com\/channel\/UCeGx2edoB32beRc9dbKA2vw","https:\/\/www.linkedin.com\/company\/interreg-sudoe-programme\/","https:\/\/www.flickr.com\/photos\/148704685@N06\/"]}]}},"_links":{"self":[{"href":"https:\/\/staging.interreg.eurocastaliahost4.com\/fr\/wp-json\/wp\/v2\/pages\/20496","targetHints":{"allow":["GET"]}}],"collection":[{"href":"https:\/\/staging.interreg.eurocastaliahost4.com\/fr\/wp-json\/wp\/v2\/pages"}],"about":[{"href":"https:\/\/staging.interreg.eurocastaliahost4.com\/fr\/wp-json\/wp\/v2\/types\/page"}],"author":[{"embeddable":true,"href":"https:\/\/staging.interreg.eurocastaliahost4.com\/fr\/wp-json\/wp\/v2\/users\/1"}],"replies":[{"embeddable":true,"href":"https:\/\/staging.interreg.eurocastaliahost4.com\/fr\/wp-json\/wp\/v2\/comments?post=20496"}],"version-history":[{"count":3,"href":"https:\/\/staging.interreg.eurocastaliahost4.com\/fr\/wp-json\/wp\/v2\/pages\/20496\/revisions"}],"predecessor-version":[{"id":38147,"href":"https:\/\/staging.interreg.eurocastaliahost4.com\/fr\/wp-json\/wp\/v2\/pages\/20496\/revisions\/38147"}],"wp:attachment":[{"href":"https:\/\/staging.interreg.eurocastaliahost4.com\/fr\/wp-json\/wp\/v2\/media?parent=20496"}],"curies":[{"name":"wp","href":"https:\/\/api.w.org\/{rel}","templated":true}]}}